{"id":1203,"date":"2022-07-27T15:57:51","date_gmt":"2022-07-27T12:57:51","guid":{"rendered":"https:\/\/zelalodak.com.tr\/?page_id=1203"},"modified":"2022-07-27T16:07:22","modified_gmt":"2022-07-27T13:07:22","slug":"bakimdestek","status":"publish","type":"page","link":"https:\/\/zelalodak.com.tr\/index.php\/bakimdestek\/","title":{"rendered":"Bak\u0131m ve Destek Hizmetleri"},"content":{"rendered":"\t\t<div data-elementor-type=\"wp-page\" data-elementor-id=\"1203\" class=\"elementor elementor-1203\">\n\t\t\t\t\t\t\t\t\t<section class=\"elementor-section elementor-top-section elementor-element elementor-element-2231eb1 elementor-section-height-min-height elementor-section-boxed elementor-section-height-default elementor-section-items-middle\" data-id=\"2231eb1\" data-element_type=\"section\" data-settings=\"{&quot;background_background&quot;:&quot;slideshow&quot;,&quot;background_slideshow_gallery&quot;:[{&quot;id&quot;:1020,&quot;url&quot;:&quot;https:\\\/\\\/zelalodak.com.tr\\\/wp-content\\\/uploads\\\/2022\\\/07\\\/zelal_odak.jpg&quot;},{&quot;id&quot;:1115,&quot;url&quot;:&quot;https:\\\/\\\/zelalodak.com.tr\\\/wp-content\\\/uploads\\\/2022\\\/07\\\/20.jpg&quot;},{&quot;id&quot;:1029,&quot;url&quot;:&quot;https:\\\/\\\/zelalodak.com.tr\\\/wp-content\\\/uploads\\\/2022\\\/07\\\/zelalodak-21.jpg&quot;},{&quot;id&quot;:1135,&quot;url&quot;:&quot;https:\\\/\\\/zelalodak.com.tr\\\/wp-content\\\/uploads\\\/2022\\\/07\\\/zelal3.jpg&quot;}],&quot;background_slideshow_ken_burns&quot;:&quot;yes&quot;,&quot;background_slideshow_loop&quot;:&quot;yes&quot;,&quot;background_slideshow_slide_duration&quot;:5000,&quot;background_slideshow_slide_transition&quot;:&quot;fade&quot;,&quot;background_slideshow_transition_duration&quot;:500,&quot;background_slideshow_ken_burns_zoom_direction&quot;:&quot;in&quot;,&quot;_ha_eqh_enable&quot;:false}\">\n\t\t\t\t\t\t\t<div class=\"elementor-background-overlay\"><\/div>\n\t\t\t\t\t\t\t<div class=\"elementor-container elementor-column-gap-no\">\n\t\t\t\t\t<div class=\"elementor-column elementor-col-100 elementor-top-column elementor-element elementor-element-9c2f3ba\" data-id=\"9c2f3ba\" data-element_type=\"column\">\n\t\t\t<div class=\"elementor-widget-wrap elementor-element-populated\">\n\t\t\t\t\t\t\t\t<div class=\"elementor-element elementor-element-4869b40 elementor-widget elementor-widget-heading\" data-id=\"4869b40\" data-element_type=\"widget\" data-widget_type=\"heading.default\">\n\t\t\t\t<div class=\"elementor-widget-container\">\n\t\t\t<style>\/*! elementor - v3.6.8 - 27-07-2022 *\/\n.elementor-heading-title{padding:0;margin:0;line-height:1}.elementor-widget-heading .elementor-heading-title[class*=elementor-size-]>a{color:inherit;font-size:inherit;line-height:inherit}.elementor-widget-heading .elementor-heading-title.elementor-size-small{font-size:15px}.elementor-widget-heading .elementor-heading-title.elementor-size-medium{font-size:19px}.elementor-widget-heading .elementor-heading-title.elementor-size-large{font-size:29px}.elementor-widget-heading .elementor-heading-title.elementor-size-xl{font-size:39px}.elementor-widget-heading .elementor-heading-title.elementor-size-xxl{font-size:59px}<\/style><h1 class=\"elementor-heading-title elementor-size-default\">Bak\u0131m ve Destek Hizmetleri<\/h1>\t\t<\/div>\n\t\t\t\t<\/div>\n\t\t\t\t\t<\/div>\n\t\t<\/div>\n\t\t\t\t\t\t\t<\/div>\n\t\t<\/section>\n\t\t\t\t<section class=\"elementor-section elementor-top-section elementor-element elementor-element-h3ysklu elementor-section-content-middle elementor-section-boxed elementor-section-height-default elementor-section-height-default\" data-id=\"h3ysklu\" data-element_type=\"section\" data-settings=\"{&quot;background_background&quot;:&quot;classic&quot;,&quot;_ha_eqh_enable&quot;:false}\">\n\t\t\t\t\t\t<div class=\"elementor-container elementor-column-gap-no\">\n\t\t\t\t\t<div class=\"elementor-column elementor-col-50 elementor-top-column elementor-element elementor-element-258231d\" data-id=\"258231d\" data-element_type=\"column\">\n\t\t\t<div class=\"elementor-widget-wrap elementor-element-populated\">\n\t\t\t\t\t\t\t\t<div class=\"elementor-element elementor-element-1401102 elementor-widget elementor-widget-heading\" data-id=\"1401102\" data-element_type=\"widget\" data-widget_type=\"heading.default\">\n\t\t\t\t<div class=\"elementor-widget-container\">\n\t\t\t<h2 class=\"elementor-heading-title elementor-size-default\">Bak\u0131m ve Destek Hizmetleri<\/h2>\t\t<\/div>\n\t\t\t\t<\/div>\n\t\t\t\t<div class=\"elementor-element elementor-element-4f6265e elementor-widget elementor-widget-text-editor\" data-id=\"4f6265e\" data-element_type=\"widget\" data-widget_type=\"text-editor.default\">\n\t\t\t\t<div class=\"elementor-widget-container\">\n\t\t\t<style>\/*! elementor - v3.6.8 - 27-07-2022 *\/\n.elementor-widget-text-editor.elementor-drop-cap-view-stacked .elementor-drop-cap{background-color:#818a91;color:#fff}.elementor-widget-text-editor.elementor-drop-cap-view-framed .elementor-drop-cap{color:#818a91;border:3px solid;background-color:transparent}.elementor-widget-text-editor:not(.elementor-drop-cap-view-default) .elementor-drop-cap{margin-top:8px}.elementor-widget-text-editor:not(.elementor-drop-cap-view-default) .elementor-drop-cap-letter{width:1em;height:1em}.elementor-widget-text-editor .elementor-drop-cap{float:left;text-align:center;line-height:1;font-size:50px}.elementor-widget-text-editor .elementor-drop-cap-letter{display:inline-block}<\/style>\t\t\t\t<p><span style=\"color: #000000; font-family: 'Roboto Slab', Arial, Tahoma, sans-serif; font-size: 14px; background-color: #fcfcfc;\">Sa\u011fl\u0131k bakanl\u0131\u011f\u0131 verilerine g\u00f6re, 65 ya\u015f \u00fcst\u00fc her 5 bireyin 4 tanesinde en az 1, yar\u0131s\u0131ndan fazlas\u0131nda ise en az 2 adet uzun s\u00fcreli bak\u0131m ya da takip gerektiren kronik hastal\u0131k bulunmaktad\u0131r.<\/span><br style=\"color: #000000; font-family: 'Roboto Slab', Arial, Tahoma, sans-serif; font-size: 14px; font-weight: bold; background-color: #fcfcfc;\" \/><br style=\"color: #000000; font-family: 'Roboto Slab', Arial, Tahoma, sans-serif; font-size: 14px; font-weight: bold; background-color: #fcfcfc;\" \/><span style=\"color: #000000; font-family: 'Roboto Slab', Arial, Tahoma, sans-serif; font-size: 14px; background-color: #fcfcfc;\">Ya\u015fla birlikte bu hastal\u0131klar\u0131n say\u0131s\u0131 ve \u015fiddeti artmaktad\u0131r. Bireylerin otonomisini azaltan ya da k\u0131s\u0131tlayan bu sa\u011fl\u0131k durumlar\u0131, ev ortam\u0131nda ya\u015famay\u0131 zorla\u015ft\u0131rmakta, \u00f6zbak\u0131m kalitesinin azalmas\u0131na sebep olmaktad\u0131r.<\/span><br style=\"color: #000000; font-family: 'Roboto Slab', Arial, Tahoma, sans-serif; font-size: 14px; font-weight: bold; background-color: #fcfcfc;\" \/><br style=\"color: #000000; font-family: 'Roboto Slab', Arial, Tahoma, sans-serif; font-size: 14px; font-weight: bold; background-color: #fcfcfc;\" \/><span style=\"color: #000000; font-family: 'Roboto Slab', Arial, Tahoma, sans-serif; font-size: 14px; background-color: #fcfcfc;\">Tesislerimizde kalarak bak\u0131m ve destek hizmetlerinden faydalanan bireyler, 24 saat uzman sa\u011fl\u0131k personeli kontol\u00fcn\u00fcnde g\u00fcvenilir ellerde ya\u015famlar\u0131n\u0131 s\u00fcrd\u00fcr\u00fcrken, yak\u0131nlar\u0131 da sevdiklerinin sa\u011fl\u0131k durumu hakk\u0131nda d\u00fczenli bilgi ve rapor alabilmekte, d\u00fczenli ila\u00e7 kullan\u0131m\u0131, sa\u011fl\u0131k kontrolleri ve doktor vizitlerinin yap\u0131ld\u0131\u011f\u0131n\u0131 bilmenin i\u00e7 huzurunu ya\u015famaktad\u0131rlar. Banyo, di\u015f, cilt, sa\u00e7, t\u0131rnak bak\u0131mlar\u0131, yemek takibi ve gerekiyorsa bez de\u011fi\u015fimleri personelimiz taraf\u0131ndan sa\u011flanmaktad\u0131r.<\/span><\/p>\t\t\t\t\t\t<\/div>\n\t\t\t\t<\/div>\n\t\t\t\t<div class=\"elementor-element elementor-element-7a2d1e6 elementor-widget-divider--view-line elementor-widget elementor-widget-divider\" data-id=\"7a2d1e6\" data-element_type=\"widget\" data-widget_type=\"divider.default\">\n\t\t\t\t<div class=\"elementor-widget-container\">\n\t\t\t<style>\/*! elementor - v3.6.8 - 27-07-2022 *\/\n.elementor-widget-divider{--divider-border-style:none;--divider-border-width:1px;--divider-color:#2c2c2c;--divider-icon-size:20px;--divider-element-spacing:10px;--divider-pattern-height:24px;--divider-pattern-size:20px;--divider-pattern-url:none;--divider-pattern-repeat:repeat-x}.elementor-widget-divider .elementor-divider{display:-webkit-box;display:-ms-flexbox;display:flex}.elementor-widget-divider .elementor-divider__text{font-size:15px;line-height:1;max-width:95%}.elementor-widget-divider .elementor-divider__element{margin:0 var(--divider-element-spacing);-ms-flex-negative:0;flex-shrink:0}.elementor-widget-divider .elementor-icon{font-size:var(--divider-icon-size)}.elementor-widget-divider .elementor-divider-separator{display:-webkit-box;display:-ms-flexbox;display:flex;margin:0;direction:ltr}.elementor-widget-divider--view-line_icon .elementor-divider-separator,.elementor-widget-divider--view-line_text .elementor-divider-separator{-webkit-box-align:center;-ms-flex-align:center;align-items:center}.elementor-widget-divider--view-line_icon .elementor-divider-separator:after,.elementor-widget-divider--view-line_icon .elementor-divider-separator:before,.elementor-widget-divider--view-line_text .elementor-divider-separator:after,.elementor-widget-divider--view-line_text .elementor-divider-separator:before{display:block;content:\"\";border-bottom:0;-webkit-box-flex:1;-ms-flex-positive:1;flex-grow:1;border-top:var(--divider-border-width) var(--divider-border-style) var(--divider-color)}.elementor-widget-divider--element-align-left .elementor-divider .elementor-divider-separator>.elementor-divider__svg:first-of-type{-webkit-box-flex:0;-ms-flex-positive:0;flex-grow:0;-ms-flex-negative:100;flex-shrink:100}.elementor-widget-divider--element-align-left .elementor-divider-separator:before{content:none}.elementor-widget-divider--element-align-left .elementor-divider__element{margin-left:0}.elementor-widget-divider--element-align-right .elementor-divider .elementor-divider-separator>.elementor-divider__svg:last-of-type{-webkit-box-flex:0;-ms-flex-positive:0;flex-grow:0;-ms-flex-negative:100;flex-shrink:100}.elementor-widget-divider--element-align-right .elementor-divider-separator:after{content:none}.elementor-widget-divider--element-align-right .elementor-divider__element{margin-right:0}.elementor-widget-divider:not(.elementor-widget-divider--view-line_text):not(.elementor-widget-divider--view-line_icon) .elementor-divider-separator{border-top:var(--divider-border-width) var(--divider-border-style) var(--divider-color)}.elementor-widget-divider--separator-type-pattern{--divider-border-style:none}.elementor-widget-divider--separator-type-pattern.elementor-widget-divider--view-line .elementor-divider-separator,.elementor-widget-divider--separator-type-pattern:not(.elementor-widget-divider--view-line) .elementor-divider-separator:after,.elementor-widget-divider--separator-type-pattern:not(.elementor-widget-divider--view-line) .elementor-divider-separator:before,.elementor-widget-divider--separator-type-pattern:not([class*=elementor-widget-divider--view]) .elementor-divider-separator{width:100%;min-height:var(--divider-pattern-height);-webkit-mask-size:var(--divider-pattern-size) 100%;mask-size:var(--divider-pattern-size) 100%;-webkit-mask-repeat:var(--divider-pattern-repeat);mask-repeat:var(--divider-pattern-repeat);background-color:var(--divider-color);-webkit-mask-image:var(--divider-pattern-url);mask-image:var(--divider-pattern-url)}.elementor-widget-divider--no-spacing{--divider-pattern-size:auto}.elementor-widget-divider--bg-round{--divider-pattern-repeat:round}.rtl .elementor-widget-divider .elementor-divider__text{direction:rtl}.e-container>.elementor-widget-divider{width:var(--container-widget-width,100%);-webkit-box-flex:1;-ms-flex-positive:1;flex-grow:1}<\/style>\t\t<div class=\"elementor-divider\">\n\t\t\t<span class=\"elementor-divider-separator\">\n\t\t\t\t\t\t<\/span>\n\t\t<\/div>\n\t\t\t\t<\/div>\n\t\t\t\t<\/div>\n\t\t\t\t\t<\/div>\n\t\t<\/div>\n\t\t\t\t<div class=\"elementor-column elementor-col-50 elementor-top-column elementor-element elementor-element-ca44c59\" data-id=\"ca44c59\" data-element_type=\"column\" data-settings=\"{&quot;background_background&quot;:&quot;classic&quot;}\">\n\t\t\t<div class=\"elementor-widget-wrap elementor-element-populated\">\n\t\t\t\t\t\t\t\t<div class=\"elementor-element elementor-element-7e01216 elementor-widget elementor-widget-image\" data-id=\"7e01216\" data-element_type=\"widget\" data-widget_type=\"image.default\">\n\t\t\t\t<div class=\"elementor-widget-container\">\n\t\t\t<style>\/*! elementor - v3.6.8 - 27-07-2022 *\/\n.elementor-widget-image{text-align:center}.elementor-widget-image a{display:inline-block}.elementor-widget-image a img[src$=\".svg\"]{width:48px}.elementor-widget-image img{vertical-align:middle;display:inline-block}<\/style>\t\t\t\t\t\t\t\t\t\t\t\t<img width=\"1908\" height=\"1273\" src=\"https:\/\/zelalodak.com.tr\/wp-content\/uploads\/2022\/07\/zelalodak-33.jpg\" class=\"attachment-full size-full\" alt=\"\" loading=\"lazy\" srcset=\"https:\/\/zelalodak.com.tr\/wp-content\/uploads\/2022\/07\/zelalodak-33.jpg 1908w, https:\/\/zelalodak.com.tr\/wp-content\/uploads\/2022\/07\/zelalodak-33-300x200.jpg 300w, https:\/\/zelalodak.com.tr\/wp-content\/uploads\/2022\/07\/zelalodak-33-1024x683.jpg 1024w, https:\/\/zelalodak.com.tr\/wp-content\/uploads\/2022\/07\/zelalodak-33-768x512.jpg 768w, https:\/\/zelalodak.com.tr\/wp-content\/uploads\/2022\/07\/zelalodak-33-1536x1025.jpg 1536w\" sizes=\"(max-width: 1908px) 100vw, 1908px\" \/>\t\t\t\t\t\t\t\t\t\t\t\t\t\t\t<\/div>\n\t\t\t\t<\/div>\n\t\t\t\t\t<\/div>\n\t\t<\/div>\n\t\t\t\t\t\t\t<\/div>\n\t\t<\/section>\n\t\t\t\t\t\t\t<\/div>\n\t\t","protected":false},"excerpt":{"rendered":"<p>Bak\u0131m ve Destek Hizmetleri Bak\u0131m ve Destek Hizmetleri Sa\u011fl\u0131k bakanl\u0131\u011f\u0131 verilerine g\u00f6re, 65 ya\u015f \u00fcst\u00fc her 5 bireyin 4 tanesinde en az 1, yar\u0131s\u0131ndan fazlas\u0131nda ise en az 2 adet uzun s\u00fcreli bak\u0131m ya da takip gerektiren kronik hastal\u0131k bulunmaktad\u0131r.Ya\u015fla birlikte bu hastal\u0131klar\u0131n say\u0131s\u0131 ve \u015fiddeti artmaktad\u0131r. Bireylerin otonomisini azaltan ya da k\u0131s\u0131tlayan bu sa\u011fl\u0131k &hellip;<\/p>\n<p class=\"read-more\"> <a class=\"\" href=\"https:\/\/zelalodak.com.tr\/index.php\/bakimdestek\/\"> <span class=\"screen-reader-text\">Bak\u0131m ve Destek Hizmetleri<\/span> Devam\u0131 &raquo;<\/a><\/p>\n","protected":false},"author":1,"featured_media":0,"parent":0,"menu_order":0,"comment_status":"closed","ping_status":"closed","template":"","meta":{"site-sidebar-layout":"no-sidebar","site-content-layout":"page-builder","ast-global-header-display":"","ast-main-header-display":"","ast-hfb-above-header-display":"","ast-hfb-below-header-display":"","ast-hfb-mobile-header-display":"","site-post-title":"disabled","ast-breadcrumbs-content":"disabled","ast-featured-img":"disabled","footer-sml-layout":"","theme-transparent-header-meta":"disabled","adv-header-id-meta":"","stick-header-meta":"","header-above-stick-meta":"","header-main-stick-meta":"","header-below-stick-meta":""},"_links":{"self":[{"href":"https:\/\/zelalodak.com.tr\/index.php\/wp-json\/wp\/v2\/pages\/1203"}],"collection":[{"href":"https:\/\/zelalodak.com.tr\/index.php\/wp-json\/wp\/v2\/pages"}],"about":[{"href":"https:\/\/zelalodak.com.tr\/index.php\/wp-json\/wp\/v2\/types\/page"}],"author":[{"embeddable":true,"href":"https:\/\/zelalodak.com.tr\/index.php\/wp-json\/wp\/v2\/users\/1"}],"replies":[{"embeddable":true,"href":"https:\/\/zelalodak.com.tr\/index.php\/wp-json\/wp\/v2\/comments?post=1203"}],"version-history":[{"count":4,"href":"https:\/\/zelalodak.com.tr\/index.php\/wp-json\/wp\/v2\/pages\/1203\/revisions"}],"predecessor-version":[{"id":1208,"href":"https:\/\/zelalodak.com.tr\/index.php\/wp-json\/wp\/v2\/pages\/1203\/revisions\/1208"}],"wp:attachment":[{"href":"https:\/\/zelalodak.com.tr\/index.php\/wp-json\/wp\/v2\/media?parent=1203"}],"curies":[{"name":"wp","href":"https:\/\/api.w.org\/{rel}","templated":true}]}}